{"id":1567,"date":"2021-01-20T16:20:47","date_gmt":"2021-01-20T16:20:47","guid":{"rendered":"https:\/\/disalto.pt\/?page_id=1567"},"modified":"2021-03-18T16:47:27","modified_gmt":"2021-03-18T16:47:27","slug":"politica-de-privacidade","status":"publish","type":"page","link":"https:\/\/disalto.pt\/en\/politica-de-privacidade\/","title":{"rendered":"Privacy Policy"},"content":{"rendered":"<p>[et_pb_section fb_built=&#8221;1&#8243; fullwidth=&#8221;on&#8221; _builder_version=&#8221;4.4.7&#8243; da_disable_devices=&#8221;off|off|off&#8221; locked=&#8221;off&#8221; da_is_popup=&#8221;off&#8221; da_exit_intent=&#8221;off&#8221; da_has_close=&#8221;on&#8221; da_alt_close=&#8221;off&#8221; da_dark_close=&#8221;off&#8221; da_not_modal=&#8221;on&#8221; da_is_singular=&#8221;off&#8221; da_with_loader=&#8221;off&#8221; da_has_shadow=&#8221;on&#8221;][et_pb_fullwidth_slider _builder_version=&#8221;4.4.7&#8243;][et_pb_slide _builder_version=&#8221;4.4.7&#8243; background_enable_color=&#8221;off&#8221; background_image=&#8221;https:\/\/disalto.pt\/wp-content\/uploads\/2020\/05\/quemsomos_cover.jpg&#8221; background_enable_image=&#8221;on&#8221; sticky_transition=&#8221;on&#8221;][\/et_pb_slide][\/et_pb_fullwidth_slider][\/et_pb_section][et_pb_section fb_built=&#8221;1&#8243; _builder_version=&#8221;4.4.7&#8243; da_disable_devices=&#8221;off|off|off&#8221; locked=&#8221;off&#8221; da_is_popup=&#8221;off&#8221; da_exit_intent=&#8221;off&#8221; da_has_close=&#8221;on&#8221; da_alt_close=&#8221;off&#8221; da_dark_close=&#8221;off&#8221; da_not_modal=&#8221;on&#8221; da_is_singular=&#8221;off&#8221; da_with_loader=&#8221;off&#8221; da_has_shadow=&#8221;on&#8221;][et_pb_row _builder_version=&#8221;4.4.7&#8243;][et_pb_column type=&#8221;4_4&#8243; _builder_version=&#8221;4.4.7&#8243;][et_pb_text admin_label=&#8221;Title&#8221; _builder_version=&#8221;4.9.2&#8243; hover_enabled=&#8221;0&#8243; sticky_enabled=&#8221;0&#8243; locked=&#8221;on&#8221;]<\/p>\n<h2 class=\"dash-bottom\">Privacy policy<\/h2>\n<p>[\/et_pb_text][et_pb_text admin_label=&#8221;Text&#8221; _builder_version=&#8221;4.8.2&#8243;]<\/p>\n<p>The protection of your personal data is important for DISALTO. In accordance with REGULATION (EU) 2016\/679 OF THE EUROPEAN PARLIAMENT AND OF THE COUNCIL of 27th April 2016 on the protection of natural persons with regard to the processing of personal data and on the free movement of such data, it shall be deemed that users who voluntarily provide personal data through the forms included in this website are thereby authorising their inclusion in the file owned by DISALTO, Distribui\u00e7\u00e3o Alimentar, hereinafter referred to as DISALTO.<\/p>\n<p>Disalto ensures strict compliance with personal data confidentiality, storage, protection and processing regulations by adopting all technical, organisational and security measures required to avoiding data changes, loss or unauthorized access and\/or processing. Disalto shall not be liable for any consequences should the information provided by users be incomplete, untruthful or irrelevant. Disalto shall not disclose, sell or share data pertaining to the users of the www.disalto.pt website to any third party without their express authorization.<\/p>\n<p>You can exercise your rights of access, rectification, suppression, limitation, portability, opposition, or the right not to be subject to a decision made exclusively in automated treatments, as provided in the aforementioned regulation. Such requests should be submitted by letter, to DISALTO | Rua Casal do Mel\u00e3o, 2330-106 Entroncamento, Portugal, or email address to <a href=\"mailto:comunicacao@disalto.pt\">comunicacao@disalto.pt<\/a>.<\/p>\n<p>[\/et_pb_text][et_pb_text admin_label=&#8221;Dados&#8221; _builder_version=&#8221;4.8.2&#8243; custom_margin=&#8221;50px||||false|false&#8221;]<\/p>\n<h3>Data provided &#8211; Commercial Information<\/h3>\n<p><strong>Who is responsible for processing your data?<\/strong><\/p>\n<p><em>DISALTO.<\/em><\/p>\n<p><strong>For which purpose do we process your personal data?<\/strong><\/p>\n<p><em>The information you provide\/authorize us, is for the purpose of managing the different requests or for general information requests received through our website or the emails specified on the website itself (comunicacao@disalto.pt and comercial@disalto.pt).<\/em><\/p>\n<p><strong>How long do we keep your data?<\/strong><\/p>\n<p><em>The personal data provided your consent are stored indefinitely or until you withdraw your consent.<\/em><\/p>\n<p><strong>On what legal grounds are we allowed to process your data?<\/strong><\/p>\n<p><em>We are allowed to process your data based on your voluntary consent.<\/em><\/p>\n<p><strong>To which entities will your data be provided?<\/strong><\/p>\n<p><em>Your data will not be disclosed to any third party, except if required law or if you have given us your prior authorization. Our website may have links to external websites that are not operated by us. Disalto has no control over the content and practices of those sites and, therefore, Disalto cannot accept any responsibility for their privacy policies.<\/em><\/p>\n<p><strong>What are your rights concerning the data provided?<\/strong><\/p>\n<p><em>You have the right to submit a complaint to a Supervisory Authority for the purpose of withdrawing your consent or request access to and rectification, erasure or portability of personal data and\/or to object to processing or to being subject to decisions based solely on automated processing.<\/em><\/p>\n<p><strong>Which data will you be required to provide?<\/strong><\/p>\n<p><em>All fields marked in the form must be filled. If any of these fields is left blank, probably we can\u2019t directly answer your question or request for information.<\/em><\/p>\n<p><strong>International data transfer<\/strong><\/p>\n<p><em>International data transfer will not take place.<\/em><\/p>\n<p>[\/et_pb_text][et_pb_text admin_label=&#8221;Cookies&#8221; _builder_version=&#8221;4.8.2&#8243; custom_margin=&#8221;50px||||false|false&#8221;]<\/p>\n<h3>Use of cookies<\/h3>\n<p>Cookies are small information files that are sent to your computer or mobile device when you visit a website. Cookies are sent back to the originating site on each subsequent visit or to another site that recognises that cookie. Cookies are useful because they allow a site to recognize a user&#8217;s device, allowing them to browse efficiently through the pages, to remember their favorites, and to improve the overall user experience. Some of the cookies issued by the web server only have the duration of the web session and expire when the browser is closed. Other cookies are used to remember the user when he\/she returns to a site and have a longer duration. Most browsers automatically accept cookies. You can modify your browser settings to not accept or to be notified each time a cookie is created.<\/p>\n<p>[\/et_pb_text][et_pb_text admin_label=&#8221;Altera\u00e7\u00f5es \u00e0 pol\u00edtica&#8221; _builder_version=&#8221;4.8.2&#8243; custom_margin=&#8221;50px||||false|false&#8221;]<\/p>\n<h3>CHANGES TO THIS PRIVACY POLICY<\/h3>\n<p>This Privacy Policy came into effect in January 2021 and it is updated in accordance with the GDPR and other applicable legislation. DISALTO may modify its Privacy Policy, whenever justified or whenever this change is legally imposed. We advise you to consult our Privacy Policy on each visit to our website in order to obtain the updated version of it.<\/p>\n<p>[\/et_pb_text][\/et_pb_column][\/et_pb_row][\/et_pb_section]<\/p>\n","protected":false},"excerpt":{"rendered":"<p>Privacy policyThe protection of your personal data is important for DISALTO. In accordance with REGULATION (EU) 2016\/679 OF THE EUROPEAN PARLIAMENT AND OF THE COUNCIL of 27th April 2016 on the protection of natural persons with regard to the processing of personal data and on the free movement of such data, it shall be deemed [&hellip;]<\/p>\n","protected":false},"author":1,"featured_media":0,"parent":0,"menu_order":0,"comment_status":"closed","ping_status":"closed","template":"","meta":{"_et_pb_use_builder":"on","_et_pb_old_content":"[et_pb_section fb_built=\"1\" fullwidth=\"on\" _builder_version=\"4.4.7\" da_disable_devices=\"off|off|off\" locked=\"off\" da_is_popup=\"off\" da_exit_intent=\"off\" da_has_close=\"on\" da_alt_close=\"off\" da_dark_close=\"off\" da_not_modal=\"on\" da_is_singular=\"off\" da_with_loader=\"off\" da_has_shadow=\"on\"][et_pb_fullwidth_slider _builder_version=\"4.4.7\"][et_pb_slide _builder_version=\"4.4.7\" background_enable_color=\"off\" background_image=\"https:\/\/disalto.pt\/wp-content\/uploads\/2020\/05\/quemsomos_cover.jpg\" background_enable_image=\"on\" sticky_transition=\"on\"][\/et_pb_slide][\/et_pb_fullwidth_slider][\/et_pb_section][et_pb_section fb_built=\"1\" _builder_version=\"4.4.7\" da_disable_devices=\"off|off|off\" locked=\"off\" da_is_popup=\"off\" da_exit_intent=\"off\" da_has_close=\"on\" da_alt_close=\"off\" da_dark_close=\"off\" da_not_modal=\"on\" da_is_singular=\"off\" da_with_loader=\"off\" da_has_shadow=\"on\"][et_pb_row _builder_version=\"4.4.7\"][et_pb_column type=\"4_4\" _builder_version=\"4.4.7\"][et_pb_text admin_label=\"Title\" _builder_version=\"4.8.0\"]<h2 class=\"dash-bottom\">Pol\u00edtica de Privacidade<\/h2>[\/et_pb_text][et_pb_text admin_label=\"Text\" _builder_version=\"4.8.0\" hover_enabled=\"0\" sticky_enabled=\"0\"]<p>A prote\u00e7\u00e3o dos seus dados pessoais \u00e9 importante para a DISALTO. Em virtude do REGULAMENTO (UE) 2016\/679 DO PARLAMENTO EUROPEU E DO CONSELHO de 27 de abril de 2016 relativos \u00e0 prote\u00e7\u00e3o das pessoas singulares no que diz respeito ao tratamento de dados pessoais, informamos que os dados de car\u00e1ter pessoal, recolhidos voluntariamente no formul\u00e1rio deste website, est\u00e3o autorizados a ser inclu\u00eddos num ficheiro que \u00e9 propriedade DISALTO doravante designada por DISALTO.<\/p>\r\n<p>A DISALTO cumpre o dever de arquivo e prote\u00e7\u00e3o dos dados de car\u00e1ter pessoal e o respetivo tratamento confidencial dos mesmos, assumindo, para estes efeitos, as medidas de \u00edndole t\u00e9cnica, organizativa e de seguran\u00e7a necess\u00e1rias, de forma a evitar altera\u00e7\u00f5es, perda, tratamento ou acesso n\u00e3o autorizado. A DISALTO \u00e9 totalmente alheia a qualquer responsabilidade caso a informa\u00e7\u00e3o facilitada esteja incompleta, n\u00e3o conforme ou irreal atrav\u00e9s das informa\u00e7\u00f5es fornecidas pelos utilizadores do website:\u00a0<a href=\"http:\/\/www.disalto.pt\">www.disalto.pt<\/a>. A DISALTO compromete-se a n\u00e3o ceder, vender ou partilhar os dados a terceiros sem a sua aprova\u00e7\u00e3o expressa.<\/p>\r\n<p>Pode exercer os seus direitos de acesso, retifica\u00e7\u00e3o, cancelamento e\/ou oposi\u00e7\u00e3o, dispostos no regulamento supramencionado. Estas altera\u00e7\u00f5es devem ser realizadas por correio postal para DISALTO | Rua Casal do Mel\u00e3o, 2330-106 Entroncamento, Portugal, ou atrav\u00e9s do endere\u00e7o de correio eletr\u00f3nico <a href=\"mailto:comunicacao@disalto.pt\">comunicacao@disalto.pt<\/a>.<\/p>[\/et_pb_text][et_pb_text admin_label=\"Dados\" _builder_version=\"4.8.0\" custom_margin=\"50px||||false|false\" hover_enabled=\"0\" sticky_enabled=\"0\"]<h3>Dados fornecidos \u2013 Informa\u00e7\u00e3o Comercial<\/h3>\r\n<p><strong>Quem \u00e9 respons\u00e1vel pelo processamento dos seus dados?<\/strong><\/p>\r\n<p><em>A DISALTO.<\/em><\/p>\r\n<p><strong>Com que finalidade tratamos os seus dados pessoais?<\/strong><\/p>\r\n<p><em>As informa\u00e7\u00f5es que nos fornece\/autoriza, t\u00eam a finalidade da g<\/em><em>est\u00e3o das diferentes solicita\u00e7\u00f5es ou pedidos de informa\u00e7\u00e3o geral recebidos atrav\u00e9s do nosso website ou dos emails especificados no pr\u00f3prio site (comunica\u00e7\u00e3o@disalto.pt e comercial@disalto.pt).<\/em><\/p>\r\n<p><strong>Por quanto tempo guardamos os seus dados?<\/strong><\/p>\r\n<p><em>Os dados pessoais fornecidos com o seu consentimento ser\u00e3o mantidos de maneira indefinida at\u00e9 que revogue o seu consentimento. <\/em><\/p>\r\n<p><strong>Qual \u00e9 a legitima\u00e7\u00e3o para o tratamento dos seus dados?<\/strong><\/p>\r\n<p><em>A base legal para o processamento dos seus dados \u00e9 o seu consentimento livremente concedido. <\/em><\/p>\r\n<p><strong>A que destinat\u00e1rios ser\u00e3o comunicados os seus dados?<\/strong><\/p>\r\n<p><em>Nenhum dado ser\u00e1 transferido a terceiros, salvo obriga\u00e7\u00e3o legal ou autoriza\u00e7\u00e3o pr\u00e9via.<\/em> <em>O nosso site pode ter links para sites externos que n\u00e3o s\u00e3o operados por n\u00f3s. A Disalto n\u00e3o tem controlo sobre o conte\u00fado e as pr\u00e1ticas desses sites e, por isso n\u00e3o pode aceitar qualquer responsabilidade pelas suas respetivas\u00a0<\/em><a href=\"https:\/\/politicaprivacidade.com\/#_blank\"><em>pol\u00edticas de privacidade<\/em><\/a><em>.<\/em><\/p>\r\n<p><strong>Quais s\u00e3o os seus direitos quando nos fornece os seus dados?<\/strong><\/p>\r\n<p><em>Tem o direito de apresentar uma reclama\u00e7\u00e3o perante uma Autoridade de Controlo para retirar o seu consentimento, acesso, retifica\u00e7\u00e3o, elimina\u00e7\u00e3o, portabilidade dos seus dados, limita\u00e7\u00f5es e\/ou oposi\u00e7\u00e3o ao seu tratamento, assim como de n\u00e3o ser objeto de decis\u00f5es baseadas unicamente no tratamento automatizado dos seus dados.<\/em><\/p>\r\n<p><strong>Com que dados deve contribuir obrigatoriamente?<\/strong><\/p>\r\n<p><em>Os campos do formul\u00e1rio devem ser preenchidos de forma a que possamos responder diretamente \u00e0 sua quest\u00e3o ou pedido de informa\u00e7\u00e3o.<\/em><\/p>\r\n<p><strong>Transfer\u00eancia internacional de dados<\/strong><\/p>\r\n<p>N\u00e3o existe transfer\u00eancia internacional de dados.<\/p>[\/et_pb_text][et_pb_text admin_label=\"Cookies\" _builder_version=\"4.8.0\" custom_margin=\"50px||||false|false\" hover_enabled=\"0\" sticky_enabled=\"0\"]<h3>Utiliza\u00e7\u00e3o de cookies<\/h3>\r\n<p>Os cookies s\u00e3o pequenos ficheiros de informa\u00e7\u00e3o que s\u00e3o enviados para o seu computador ou telem\u00f3vel quando visita um website. Os cookies s\u00e3o enviados de volta ao site de origem em cada visita subsequente ou para outro site que reconhe\u00e7a esse cookie. Os cookies s\u00e3o \u00fateis porque permitem que um site reconhe\u00e7a o dispositivo do utilizador, permitindo-lhe navegar eficientemente pelas p\u00e1ginas, recordando tamb\u00e9m as suas prefer\u00eancias e melhorando em geral a experi\u00eancia do utilizador. Alguns dos cookies emitidos pelo servidor ter\u00e3o apenas a dura\u00e7\u00e3o da sess\u00e3o e expirar\u00e3o quando encerrar o browser. A grande parte dos browsers aceita cookies automaticamente. Pode modificar a configura\u00e7\u00e3o do seu browser para n\u00e3o aceitar ou para ser notificado cada vez que se cria um cookie.<\/p>[\/et_pb_text][et_pb_text admin_label=\"Altera\u00e7\u00f5es \u00e0 pol\u00edtica\" _builder_version=\"4.8.0\" custom_margin=\"50px||||false|false\" hover_enabled=\"0\" sticky_enabled=\"0\"]<h3>ALTERA\u00c7\u00d5ES A ESTA POL\u00cdTICA DE PRIVACIDADE<\/h3>\r\n<p>Esta Pol\u00edtica de Privacidade entrou em vigor em janeiro de 2021 e encontra-se atualizada de acordo com o RGPD e demais legisla\u00e7\u00e3o aplic\u00e1vel. A DISALTO poder\u00e1 modificar a sua Pol\u00edtica de Privacidade, quando assim se justificar ou quando essa altera\u00e7\u00e3o for legalmente imposta. Aconselhamos a consultar a nossa Pol\u00edtica de Privacidade em cada visita ao nosso website de maneira a obter a vers\u00e3o atualizada da mesma.<\/p>[\/et_pb_text][\/et_pb_column][\/et_pb_row][\/et_pb_section]","_et_gb_content_width":"","footnotes":""},"class_list":["post-1567","page","type-page","status-publish","hentry"],"jetpack_sharing_enabled":true,"_links":{"self":[{"href":"https:\/\/disalto.pt\/en\/wp-json\/wp\/v2\/pages\/1567","targetHints":{"allow":["GET"]}}],"collection":[{"href":"https:\/\/disalto.pt\/en\/wp-json\/wp\/v2\/pages"}],"about":[{"href":"https:\/\/disalto.pt\/en\/wp-json\/wp\/v2\/types\/page"}],"author":[{"embeddable":true,"href":"https:\/\/disalto.pt\/en\/wp-json\/wp\/v2\/users\/1"}],"replies":[{"embeddable":true,"href":"https:\/\/disalto.pt\/en\/wp-json\/wp\/v2\/comments?post=1567"}],"version-history":[{"count":0,"href":"https:\/\/disalto.pt\/en\/wp-json\/wp\/v2\/pages\/1567\/revisions"}],"wp:attachment":[{"href":"https:\/\/disalto.pt\/en\/wp-json\/wp\/v2\/media?parent=1567"}],"curies":[{"name":"wp","href":"https:\/\/api.w.org\/{rel}","templated":true}]}}