{"id":1568,"date":"2021-01-20T16:20:41","date_gmt":"2021-01-20T16:20:41","guid":{"rendered":"https:\/\/disalto.pt\/?page_id=1568"},"modified":"2026-03-10T16:13:27","modified_gmt":"2026-03-10T16:13:27","slug":"sobre-nos","status":"publish","type":"page","link":"https:\/\/disalto.pt\/en\/sobre-nos\/","title":{"rendered":"About us"},"content":{"rendered":"<p>[et_pb_section bb_built=&#8221;1&#8243; fullwidth=&#8221;on&#8221; _builder_version=&#8221;4.4.7&#8243; da_disable_devices=&#8221;off|off|off&#8221; da_is_popup=&#8221;off&#8221; da_exit_intent=&#8221;off&#8221; da_has_close=&#8221;on&#8221; da_alt_close=&#8221;off&#8221; da_dark_close=&#8221;off&#8221; da_not_modal=&#8221;on&#8221; da_is_singular=&#8221;off&#8221; da_with_loader=&#8221;off&#8221; da_has_shadow=&#8221;on&#8221; next_background_color=&#8221;#000000&#8243;][et_pb_fullwidth_slider module_class=&#8221;invisible-text&#8221; _builder_version=&#8221;4.27.2&#8243; background_pattern_color=&#8221;rgba(0,0,0,0.2)&#8221; background_mask_color=&#8221;#ffffff&#8221;][et_pb_slide heading=&#8221; Sobre n\u00f3s&#8221; _builder_version=&#8221;4.27.2&#8243; background_enable_color=&#8221;off&#8221; background_image=&#8221;https:\/\/disalto.pt\/wp-content\/uploads\/2024\/10\/Design-sem-nome-3.jpg&#8221; background_enable_image=&#8221;on&#8221; sticky_transition=&#8221;on&#8221; heading_tablet=&#8221; Sobre n\u00f3s&#8221; heading_phone=&#8221; Sobre n\u00f3s&#8221; button_link=&#8221;#&#8221; url_new_window=&#8221;off&#8221; link_option_url_new_window=&#8221;off&#8221; background_color=&#8221;#7EBEC5&#8243; use_background_color_gradient=&#8221;off&#8221; background_color_gradient_stops=&#8221;#2b87da 0%|#29c4a9 100%&#8221; background_color_gradient_stops_tablet=&#8221;#2b87da 0%|#29c4a9 100%&#8221; background_color_gradient_stops_phone=&#8221;#2b87da 0%|#29c4a9 100%&#8221; background_color_gradient_type=&#8221;linear&#8221; background_color_gradient_direction=&#8221;180deg&#8221; background_color_gradient_direction_tablet=&#8221;180deg&#8221; background_color_gradient_direction_phone=&#8221;180deg&#8221; background_color_gradient_direction_radial=&#8221;center&#8221; background_color_gradient_repeat=&#8221;off&#8221; background_color_gradient_unit=&#8221;%&#8221; background_color_gradient_overlays_image=&#8221;off&#8221; parallax=&#8221;off&#8221; parallax_method=&#8221;on&#8221; background_size=&#8221;cover&#8221; background_image_width=&#8221;auto&#8221; background_image_width_tablet=&#8221;auto&#8221; background_image_width_phone=&#8221;auto&#8221; background_image_height=&#8221;auto&#8221; background_image_height_tablet=&#8221;auto&#8221; background_image_height_phone=&#8221;auto&#8221; background_position=&#8221;center&#8221; background_horizontal_offset=&#8221;0px&#8221; background_horizontal_offset_tablet=&#8221;0px&#8221; background_horizontal_offset_phone=&#8221;0px&#8221; background_vertical_offset=&#8221;0px&#8221; background_vertical_offset_tablet=&#8221;0px&#8221; background_vertical_offset_phone=&#8221;0px&#8221; background_repeat=&#8221;no-repeat&#8221; background_blend=&#8221;normal&#8221; allow_player_pause=&#8221;off&#8221; background_video_pause_outside_viewport=&#8221;on&#8221; background_pattern_style=&#8221;polka-dots&#8221; background_pattern_style_tablet=&#8221;polka-dots&#8221; background_pattern_style_phone=&#8221;polka-dots&#8221; background_pattern_color=&#8221;rgba(0,0,0,0.2)&#8221; background_pattern_size=&#8221;initial&#8221; background_pattern_width=&#8221;auto&#8221; background_pattern_width_tablet=&#8221;auto&#8221; background_pattern_width_phone=&#8221;auto&#8221; background_pattern_height=&#8221;auto&#8221; background_pattern_height_tablet=&#8221;auto&#8221; background_pattern_height_phone=&#8221;auto&#8221; background_pattern_repeat_origin=&#8221;top_left&#8221; background_pattern_horizontal_offset=&#8221;0px&#8221; background_pattern_horizontal_offset_tablet=&#8221;0px&#8221; background_pattern_horizontal_offset_phone=&#8221;0px&#8221; background_pattern_vertical_offset=&#8221;0px&#8221; background_pattern_vertical_offset_tablet=&#8221;0px&#8221; background_pattern_vertical_offset_phone=&#8221;0px&#8221; background_pattern_repeat=&#8221;repeat&#8221; background_pattern_blend_mode=&#8221;normal&#8221; background_mask_style=&#8221;layer-blob&#8221; background_mask_style_tablet=&#8221;layer-blob&#8221; background_mask_style_phone=&#8221;layer-blob&#8221; background_mask_color=&#8221;#ffffff&#8221; background_mask_aspect_ratio=&#8221;landscape&#8221; background_mask_size=&#8221;stretch&#8221; background_mask_width=&#8221;auto&#8221; background_mask_width_tablet=&#8221;auto&#8221; background_mask_width_phone=&#8221;auto&#8221; background_mask_height=&#8221;auto&#8221; background_mask_height_tablet=&#8221;auto&#8221; background_mask_height_phone=&#8221;auto&#8221; background_mask_position=&#8221;center&#8221; background_mask_horizontal_offset=&#8221;0px&#8221; background_mask_horizontal_offset_tablet=&#8221;0px&#8221; background_mask_horizontal_offset_phone=&#8221;0px&#8221; background_mask_vertical_offset=&#8221;0px&#8221; background_mask_vertical_offset_tablet=&#8221;0px&#8221; background_mask_vertical_offset_phone=&#8221;0px&#8221; background_mask_blend_mode=&#8221;normal&#8221; button_bg_image_width=&#8221;auto&#8221; button_bg_image_width_tablet=&#8221;auto&#8221; button_bg_image_width_phone=&#8221;auto&#8221; button_bg_image_height=&#8221;auto&#8221; button_bg_image_height_tablet=&#8221;auto&#8221; button_bg_image_height_phone=&#8221;auto&#8221; button_bg_horizontal_offset=&#8221;0px&#8221; button_bg_horizontal_offset_tablet=&#8221;0px&#8221; button_bg_horizontal_offset_phone=&#8221;0px&#8221; button_bg_vertical_offset=&#8221;0px&#8221; button_bg_vertical_offset_tablet=&#8221;0px&#8221; button_bg_vertical_offset_phone=&#8221;0px&#8221; \/][\/et_pb_fullwidth_slider][\/et_pb_section][et_pb_section bb_built=&#8221;1&#8243; _builder_version=&#8221;4.4.7&#8243; da_disable_devices=&#8221;off|off|off&#8221; da_is_popup=&#8221;off&#8221; da_exit_intent=&#8221;off&#8221; da_has_close=&#8221;on&#8221; da_alt_close=&#8221;off&#8221; da_dark_close=&#8221;off&#8221; da_not_modal=&#8221;on&#8221; da_is_singular=&#8221;off&#8221; da_with_loader=&#8221;off&#8221; da_has_shadow=&#8221;on&#8221; prev_background_color=&#8221;#000000&#8243;][et_pb_row _builder_version=&#8221;4.4.7&#8243;][et_pb_column type=&#8221;4_4&#8243; _builder_version=&#8221;4.4.7&#8243;][et_pb_text admin_label=&#8221;Title&#8221; _builder_version=&#8221;4.8.1&#8243; locked=&#8221;on&#8221;]<\/p>\n<h2 class=\"dash-bottom\">About us<\/h2>\n<p>[\/et_pb_text][et_pb_text admin_label=&#8221;Slogan&#8221; module_class=&#8221;slogan&#8221; _builder_version=&#8221;4.9.2&#8243; hover_enabled=&#8221;0&#8243; sticky_enabled=&#8221;0&#8243;]<\/p>\n<h3>To share with you<\/h3>\n<p>[\/et_pb_text][et_pb_text _builder_version=&#8221;4.9.2&#8243;]<\/p>\n<p>Disalto is a distribution company, based in Entroncamento, Portugal, whose mission is to promote the distribution of quality wines, oil and olive oil to hotels, restaurants, catering and retail customers.<\/p>\n<p>We bet on the quality of the brands we market and on the credibility, trust, prestige and professionalism of the producers we represent.<\/p>\n<p>Exceeding the expectations of our customers and partners is our main objective.<\/p>\n<p>We rigorously establish the connection between our producers and the most demanding consumer, based on the quality of the products that we sell and with the ambition of making known the Portuguese wines produced in the main regions of our country.<\/p>\n<p>[\/et_pb_text][\/et_pb_column][\/et_pb_row][et_pb_row][et_pb_column type=&#8221;4_4&#8243; custom_padding__hover=&#8221;|||&#8221; custom_padding=&#8221;|||&#8221;][et_pb_button _builder_version=&#8221;4.27.6&#8243; button_text=&#8221;CHECK OUT OUR WINE CATALOG&#8221; button_url=&#8221;https:\/\/heyzine.com\/flip-book\/6a4e86cfd3.html&#8221; \/][\/et_pb_column][\/et_pb_row][\/et_pb_section]<\/p>\n","protected":false},"excerpt":{"rendered":"<p>About us To share with you Disalto is a distribution company, based in Entroncamento, Portugal, whose mission is to promote the distribution of quality wines, oil and olive oil to hotels, restaurants, catering and retail customers. We bet on the quality of the brands we market and on the credibility, trust, prestige and professionalism of [&hellip;]<\/p>\n","protected":false},"author":1,"featured_media":0,"parent":0,"menu_order":0,"comment_status":"closed","ping_status":"closed","template":"","meta":{"_et_pb_use_builder":"on","_et_pb_old_content":"[et_pb_section fb_built=\"1\" fullwidth=\"on\" _builder_version=\"4.4.7\" da_disable_devices=\"off|off|off\" da_is_popup=\"off\" da_exit_intent=\"off\" da_has_close=\"on\" da_alt_close=\"off\" da_dark_close=\"off\" da_not_modal=\"on\" da_is_singular=\"off\" da_with_loader=\"off\" da_has_shadow=\"on\"][et_pb_fullwidth_slider module_class=\"invisible-text\" _builder_version=\"4.8.1\" hover_enabled=\"0\" sticky_enabled=\"0\"][et_pb_slide heading=\" Sobre n\u00f3s\" _builder_version=\"4.8.1\" background_enable_color=\"off\" background_image=\"https:\/\/disalto.pt\/wp-content\/uploads\/2020\/05\/quemsomos_cover.jpg\" background_enable_image=\"on\" sticky_transition=\"on\"][\/et_pb_slide][\/et_pb_fullwidth_slider][\/et_pb_section][et_pb_section fb_built=\"1\" _builder_version=\"4.4.7\" da_disable_devices=\"off|off|off\" da_is_popup=\"off\" da_exit_intent=\"off\" da_has_close=\"on\" da_alt_close=\"off\" da_dark_close=\"off\" da_not_modal=\"on\" da_is_singular=\"off\" da_with_loader=\"off\" da_has_shadow=\"on\"][et_pb_row _builder_version=\"4.4.7\"][et_pb_column type=\"4_4\" _builder_version=\"4.4.7\"][et_pb_text admin_label=\"Title\" _builder_version=\"4.7.7\"]<h2 class=\"dash-bottom\">Sobre n\u00f3s<\/h2>[\/et_pb_text][et_pb_text admin_label=\"Slogan\" module_class=\"slogan\" _builder_version=\"4.7.7\"]<h3>Para partilhar consigo<\/h3>[\/et_pb_text][et_pb_text _builder_version=\"4.7.7\"]<p>A DISALTO, propriedade da Fam\u00edlia Cardoso, \u00e9 uma empresa de distribui\u00e7\u00e3o, sediada no Entroncamento, que tem por miss\u00e3o promover a distribui\u00e7\u00e3o de vinhos e azeites de qualidade a clientes da hotelaria, restaura\u00e7\u00e3o, catering e retalho.<\/p>\r\n<p>Apostamos na qualidade das marcas que comercializamos e na credibilidade, confian\u00e7a, prest\u00edgio e profissionalismo dos produtores que representamos. Exceder as expectativas dos nossos clientes e parceiros \u00e9 o nosso objetivo principal.<\/p>\r\n<p>Estabelecemos com rigor a ponte entre os nossos produtores e o consumidor mais exigente, com base na qualidade dos produtos que comercializamos e com a ambi\u00e7\u00e3o de dar a conhecer os vinhos portugueses produzidos nas principais regi\u00f5es do nosso pa\u00eds.<\/p>\r\n<p>Na DISALTO gostamos de surpreender! Levamos at\u00e9 si os produtos que os nossos parceiros produzem, com a qualidade e a paix\u00e3o que o vinho e o azeite merecem.<\/p>[\/et_pb_text][\/et_pb_column][\/et_pb_row][\/et_pb_section]","_et_gb_content_width":"","footnotes":""},"class_list":["post-1568","page","type-page","status-publish","hentry"],"jetpack_sharing_enabled":true,"_links":{"self":[{"href":"https:\/\/disalto.pt\/en\/wp-json\/wp\/v2\/pages\/1568","targetHints":{"allow":["GET"]}}],"collection":[{"href":"https:\/\/disalto.pt\/en\/wp-json\/wp\/v2\/pages"}],"about":[{"href":"https:\/\/disalto.pt\/en\/wp-json\/wp\/v2\/types\/page"}],"author":[{"embeddable":true,"href":"https:\/\/disalto.pt\/en\/wp-json\/wp\/v2\/users\/1"}],"replies":[{"embeddable":true,"href":"https:\/\/disalto.pt\/en\/wp-json\/wp\/v2\/comments?post=1568"}],"version-history":[{"count":9,"href":"https:\/\/disalto.pt\/en\/wp-json\/wp\/v2\/pages\/1568\/revisions"}],"predecessor-version":[{"id":4717,"href":"https:\/\/disalto.pt\/en\/wp-json\/wp\/v2\/pages\/1568\/revisions\/4717"}],"wp:attachment":[{"href":"https:\/\/disalto.pt\/en\/wp-json\/wp\/v2\/media?parent=1568"}],"curies":[{"name":"wp","href":"https:\/\/api.w.org\/{rel}","templated":true}]}}